{"id":2571,"date":"2022-05-07T16:17:59","date_gmt":"2022-05-07T20:17:59","guid":{"rendered":"https:\/\/brighterainc.com\/?page_id=2571"},"modified":"2024-06-06T16:55:37","modified_gmt":"2024-06-06T20:55:37","slug":"brightera-smart-home-in-florida","status":"publish","type":"page","link":"https:\/\/brighterainc.com\/es\/brightera-smart-home-in-florida\/","title":{"rendered":"BrightEra Home"},"content":{"rendered":"<div class=\"wp-block-cover alignfull\" style=\"min-height:600px;aspect-ratio:unset;\" data-block-type=\"core\"><span aria-hidden=\"true\" class=\"wp-block-cover__background has-black-background-color has-background-dim-60 has-background-dim\"><\/span><img fetchpriority=\"high\" decoding=\"async\" width=\"1200\" height=\"800\" class=\"wp-block-cover__image-background wp-image-2606\" alt=\"Smart Home - BrightEra Energy - Solar near me\" src=\"https:\/\/brighterainc.com\/wp-content\/uploads\/2022\/05\/Diseno-sin-titulo-10.png\" data-object-fit=\"cover\" srcset=\"https:\/\/brighterainc.com\/wp-content\/uploads\/2022\/05\/Diseno-sin-titulo-10.png 1200w, https:\/\/brighterainc.com\/wp-content\/uploads\/2022\/05\/Diseno-sin-titulo-10-300x200.png 300w, https:\/\/brighterainc.com\/wp-content\/uploads\/2022\/05\/Diseno-sin-titulo-10-1024x683.png 1024w, https:\/\/brighterainc.com\/wp-content\/uploads\/2022\/05\/Diseno-sin-titulo-10-768x512.png 768w, https:\/\/brighterainc.com\/wp-content\/uploads\/2022\/05\/Diseno-sin-titulo-10-18x12.png 18w\" sizes=\"(max-width: 1200px) 100vw, 1200px\" \/><div class=\"wp-block-cover__inner-container is-layout-flow wp-block-cover-is-layout-flow\">\n<h1 class=\"wp-block-heading has-text-align-center has-white-color has-text-color\" style=\"font-size:50px;text-transform:capitalize\" data-block-type=\"core\">Brightera Smart Home<\/h1>\n\n\n\n<h2 class=\"wp-block-heading has-text-align-center has-white-color has-text-color has-medium-font-size\" style=\"text-transform:capitalize\" data-block-type=\"core\">Haz que tu casa sea inteligente.<\/h2>\n\n\n\n<h2 class=\"wp-block-heading has-text-align-center has-white-color has-text-color has-medium-font-size\" style=\"text-transform:capitalize\" data-block-type=\"core\">Mejora tu estilo de vida.<\/h2>\n\n\n\n<div class=\"wp-block-buttons is-horizontal is-content-justification-center is-layout-flex wp-container-core-buttons-is-layout-03627597 wp-block-buttons-is-layout-flex\" data-block-type=\"core\">\n<div class=\"wp-block-button\" data-block-type=\"core\"><a class=\"wp-block-button__link wp-element-button\" href=\"https:\/\/19648844.hs-sites.com\/get-a-free-quote\" rel=\"noopener\">Get a free quote<\/a><\/div>\n<\/div>\n<\/div><\/div>\n\n\n\n<div class=\"inherit-container-width wp-block-group alignfull has-ast-global-color-5-background-color has-background is-layout-constrained wp-block-group-is-layout-constrained\" id=\"about\" data-block-type=\"core\"><div class=\"wp-block-group__inner-container\">\n<h2 class=\"wp-block-heading has-text-align-center\" data-block-type=\"core\">Gestionar el hogar nunca ha sido tan f\u00e1cil<\/h2>\n\n\n\n<h2 class=\"wp-block-heading has-text-align-center has-text-color\" style=\"color:#0000009c;font-size:25px\" data-block-type=\"core\">Personaliza tu sistema<\/h2>\n\n\n\n<div class=\"wp-block-media-text alignwide is-stacked-on-mobile\" data-block-type=\"core\"><figure class=\"wp-block-media-text__media\"><img decoding=\"async\" width=\"1024\" height=\"683\" src=\"https:\/\/brighterainc.com\/wp-content\/uploads\/2022\/05\/Diseno-sin-titulo-11-1024x683.png\" alt=\"\" class=\"wp-image-2618 size-full\" srcset=\"https:\/\/brighterainc.com\/wp-content\/uploads\/2022\/05\/Diseno-sin-titulo-11-1024x683.png 1024w, https:\/\/brighterainc.com\/wp-content\/uploads\/2022\/05\/Diseno-sin-titulo-11-300x200.png 300w, https:\/\/brighterainc.com\/wp-content\/uploads\/2022\/05\/Diseno-sin-titulo-11-768x512.png 768w, https:\/\/brighterainc.com\/wp-content\/uploads\/2022\/05\/Diseno-sin-titulo-11-18x12.png 18w, https:\/\/brighterainc.com\/wp-content\/uploads\/2022\/05\/Diseno-sin-titulo-11.png 1200w\" sizes=\"(max-width: 1024px) 100vw, 1024px\" \/><\/figure><div class=\"wp-block-media-text__content\">\n<h2 class=\"wp-block-heading has-text-align-left\" style=\"font-size:25px\" data-block-type=\"core\">Adapta tu sistema dom\u00e9stico inteligente perfecto<\/h2>\n\n\n\n<h2 class=\"wp-block-heading has-text-color has-medium-font-size\" style=\"color:#000000ab\" data-block-type=\"core\"><strong>Un sistema dom\u00f3tico en el que todo est\u00e1 conectado<\/strong><\/h2>\n\n\n\n<p>BrightEra Energy ofrece soluciones solares inteligentes para el hogar con el fin de ofrecer a nuestros clientes el control de los electrodom\u00e9sticos y el entorno del hogar, aportando comodidad a la vida, as\u00ed como seguridad y ahorro de energ\u00eda. Todos los electrodom\u00e9sticos se controlan con solo pulsar un bot\u00f3n.<\/p>\n<\/div><\/div>\n<\/div><\/div>\n\n\n\n<div class=\"inherit-container-width wp-block-group alignfull has-ast-global-color-4-background-color has-background is-layout-constrained wp-block-group-is-layout-constrained\" id=\"amenities\" data-block-type=\"core\"><div class=\"wp-block-group__inner-container\">\n<h2 class=\"wp-block-heading has-text-align-center\" data-block-type=\"core\">Empieza a crear tu sistema dom\u00e9stico inteligente ahora<\/h2>\n\n\n\n<p class=\"has-text-align-center\">Todo funciona a la vez<\/p>\n\n\n\n<div class=\"wp-block-columns alignwide is-layout-flex wp-container-core-columns-is-layout-28f84493 wp-block-columns-is-layout-flex\" data-block-type=\"core\">\n<div class=\"wp-block-column is-layout-flow wp-block-column-is-layout-flow\" data-block-type=\"core\">\n<div class=\"wp-block-columns is-layout-flex wp-container-core-columns-is-layout-28f84493 wp-block-columns-is-layout-flex\" data-block-type=\"core\">\n<div class=\"wp-block-column is-layout-flow wp-block-column-is-layout-flow\" data-block-type=\"core\">\n<figure class=\"wp-block-image aligncenter size-large\" data-block-type=\"core\"><img decoding=\"async\" width=\"1024\" height=\"1024\" src=\"https:\/\/brighterainc.com\/wp-content\/uploads\/2022\/05\/Diseno-sin-titulo-16-1024x1024.png\" alt=\"\" class=\"wp-image-2685\" srcset=\"https:\/\/brighterainc.com\/wp-content\/uploads\/2022\/05\/Diseno-sin-titulo-16-1024x1024.png 1024w, https:\/\/brighterainc.com\/wp-content\/uploads\/2022\/05\/Diseno-sin-titulo-16-300x300.png 300w, https:\/\/brighterainc.com\/wp-content\/uploads\/2022\/05\/Diseno-sin-titulo-16-150x150.png 150w, https:\/\/brighterainc.com\/wp-content\/uploads\/2022\/05\/Diseno-sin-titulo-16-768x768.png 768w, https:\/\/brighterainc.com\/wp-content\/uploads\/2022\/05\/Diseno-sin-titulo-16-12x12.png 12w, https:\/\/brighterainc.com\/wp-content\/uploads\/2022\/05\/Diseno-sin-titulo-16.png 1080w\" sizes=\"(max-width: 1024px) 100vw, 1024px\" \/><\/figure>\n\n\n\n<p class=\"has-text-align-center\">Doorbell Camera<\/p>\n<\/div>\n\n\n\n<div class=\"wp-block-column is-layout-flow wp-block-column-is-layout-flow\" data-block-type=\"core\">\n<figure class=\"wp-block-image aligncenter size-large\" data-block-type=\"core\"><img loading=\"lazy\" decoding=\"async\" width=\"1024\" height=\"1024\" src=\"https:\/\/brighterainc.com\/wp-content\/uploads\/2022\/05\/Diseno-sin-titulo-13-1024x1024.png\" alt=\"\" class=\"wp-image-2683\" srcset=\"https:\/\/brighterainc.com\/wp-content\/uploads\/2022\/05\/Diseno-sin-titulo-13-1024x1024.png 1024w, https:\/\/brighterainc.com\/wp-content\/uploads\/2022\/05\/Diseno-sin-titulo-13-300x300.png 300w, https:\/\/brighterainc.com\/wp-content\/uploads\/2022\/05\/Diseno-sin-titulo-13-150x150.png 150w, https:\/\/brighterainc.com\/wp-content\/uploads\/2022\/05\/Diseno-sin-titulo-13-768x768.png 768w, https:\/\/brighterainc.com\/wp-content\/uploads\/2022\/05\/Diseno-sin-titulo-13-12x12.png 12w, https:\/\/brighterainc.com\/wp-content\/uploads\/2022\/05\/Diseno-sin-titulo-13.png 1080w\" sizes=\"(max-width: 1024px) 100vw, 1024px\" \/><\/figure>\n\n\n\n<p class=\"has-text-align-center\">Indoor Camera<\/p>\n<\/div>\n\n\n\n<div class=\"wp-block-column is-layout-flow wp-block-column-is-layout-flow\" data-block-type=\"core\">\n<figure class=\"wp-block-image aligncenter size-large\" data-block-type=\"core\"><img loading=\"lazy\" decoding=\"async\" width=\"1024\" height=\"1024\" src=\"https:\/\/brighterainc.com\/wp-content\/uploads\/2022\/06\/App-1024x1024.jpg\" alt=\"Smart Home Outdoor Camera\" class=\"wp-image-2919\" srcset=\"https:\/\/brighterainc.com\/wp-content\/uploads\/2022\/06\/App-1024x1024.jpg 1024w, https:\/\/brighterainc.com\/wp-content\/uploads\/2022\/06\/App-300x300.jpg 300w, https:\/\/brighterainc.com\/wp-content\/uploads\/2022\/06\/App-150x150.jpg 150w, https:\/\/brighterainc.com\/wp-content\/uploads\/2022\/06\/App-768x768.jpg 768w, https:\/\/brighterainc.com\/wp-content\/uploads\/2022\/06\/App-12x12.jpg 12w, https:\/\/brighterainc.com\/wp-content\/uploads\/2022\/06\/App.jpg 1080w\" sizes=\"(max-width: 1024px) 100vw, 1024px\" \/><\/figure>\n\n\n\n<p class=\"has-text-align-center\">Outdoor Camera<\/p>\n<\/div>\n\n\n\n<div class=\"wp-block-column is-layout-flow wp-block-column-is-layout-flow\" data-block-type=\"core\">\n<figure class=\"wp-block-image aligncenter size-large\" data-block-type=\"core\"><img loading=\"lazy\" decoding=\"async\" width=\"1024\" height=\"1024\" src=\"https:\/\/brighterainc.com\/wp-content\/uploads\/2022\/05\/Diseno-sin-titulo-17-1024x1024.png\" alt=\"\" class=\"wp-image-2686\" srcset=\"https:\/\/brighterainc.com\/wp-content\/uploads\/2022\/05\/Diseno-sin-titulo-17-1024x1024.png 1024w, https:\/\/brighterainc.com\/wp-content\/uploads\/2022\/05\/Diseno-sin-titulo-17-300x300.png 300w, https:\/\/brighterainc.com\/wp-content\/uploads\/2022\/05\/Diseno-sin-titulo-17-150x150.png 150w, https:\/\/brighterainc.com\/wp-content\/uploads\/2022\/05\/Diseno-sin-titulo-17-768x768.png 768w, https:\/\/brighterainc.com\/wp-content\/uploads\/2022\/05\/Diseno-sin-titulo-17-12x12.png 12w, https:\/\/brighterainc.com\/wp-content\/uploads\/2022\/05\/Diseno-sin-titulo-17.png 1080w\" sizes=\"(max-width: 1024px) 100vw, 1024px\" \/><\/figure>\n\n\n\n<p class=\"has-text-align-center\">Smart Thermostat<\/p>\n<\/div>\n\n\n\n<div class=\"wp-block-column is-layout-flow wp-block-column-is-layout-flow\" data-block-type=\"core\">\n<figure class=\"wp-block-image aligncenter size-large\" data-block-type=\"core\"><img loading=\"lazy\" decoding=\"async\" width=\"1024\" height=\"1024\" src=\"https:\/\/brighterainc.com\/wp-content\/uploads\/2022\/05\/Diseno-sin-titulo-12-1024x1024.png\" alt=\"\" class=\"wp-image-2684\" srcset=\"https:\/\/brighterainc.com\/wp-content\/uploads\/2022\/05\/Diseno-sin-titulo-12-1024x1024.png 1024w, https:\/\/brighterainc.com\/wp-content\/uploads\/2022\/05\/Diseno-sin-titulo-12-300x300.png 300w, https:\/\/brighterainc.com\/wp-content\/uploads\/2022\/05\/Diseno-sin-titulo-12-150x150.png 150w, https:\/\/brighterainc.com\/wp-content\/uploads\/2022\/05\/Diseno-sin-titulo-12-768x768.png 768w, https:\/\/brighterainc.com\/wp-content\/uploads\/2022\/05\/Diseno-sin-titulo-12-12x12.png 12w, https:\/\/brighterainc.com\/wp-content\/uploads\/2022\/05\/Diseno-sin-titulo-12.png 1080w\" sizes=\"(max-width: 1024px) 100vw, 1024px\" \/><\/figure>\n\n\n\n<p class=\"has-text-align-center\">App<\/p>\n<\/div>\n\n\n\n<div class=\"wp-block-column is-layout-flow wp-block-column-is-layout-flow\" data-block-type=\"core\">\n<figure class=\"wp-block-image aligncenter size-large\" data-block-type=\"core\"><img loading=\"lazy\" decoding=\"async\" width=\"1024\" height=\"1024\" src=\"https:\/\/brighterainc.com\/wp-content\/uploads\/2022\/05\/Diseno-sin-titulo-18-1024x1024.png\" alt=\"\" class=\"wp-image-2687\" srcset=\"https:\/\/brighterainc.com\/wp-content\/uploads\/2022\/05\/Diseno-sin-titulo-18-1024x1024.png 1024w, https:\/\/brighterainc.com\/wp-content\/uploads\/2022\/05\/Diseno-sin-titulo-18-300x300.png 300w, https:\/\/brighterainc.com\/wp-content\/uploads\/2022\/05\/Diseno-sin-titulo-18-150x150.png 150w, https:\/\/brighterainc.com\/wp-content\/uploads\/2022\/05\/Diseno-sin-titulo-18-768x768.png 768w, https:\/\/brighterainc.com\/wp-content\/uploads\/2022\/05\/Diseno-sin-titulo-18-12x12.png 12w, https:\/\/brighterainc.com\/wp-content\/uploads\/2022\/05\/Diseno-sin-titulo-18.png 1080w\" sizes=\"(max-width: 1024px) 100vw, 1024px\" \/><\/figure>\n\n\n\n<p class=\"has-text-align-center\">Casas inteligentes<\/p>\n<\/div>\n<\/div>\n<\/div>\n<\/div>\n<\/div><\/div>\n\n\n\n<div class=\"wp-block-cover alignfull has-parallax is-position-center-center\" style=\"min-height:400px;aspect-ratio:unset;\" data-block-type=\"core\"><span aria-hidden=\"true\" class=\"wp-block-cover__background has-black-background-color has-background-dim-70 has-background-dim\"><\/span><div class=\"wp-block-cover__image-background wp-image-2711 has-parallax\" style=\"background-position:50% 50%;background-image:url(https:\/\/brighterainc.com\/wp-content\/uploads\/2022\/05\/5fe9cef3c2e571c8d405c208_smart-home.jpeg)\"><\/div><div class=\"wp-block-cover__inner-container is-layout-flow wp-block-cover-is-layout-flow\">\n<div class=\"wp-block-columns alignwide are-vertically-aligned-center is-layout-flex wp-container-core-columns-is-layout-28f84493 wp-block-columns-is-layout-flex\" data-block-type=\"core\">\n<div class=\"wp-block-column is-vertically-aligned-center is-layout-flow wp-block-column-is-layout-flow\" style=\"flex-basis:70%\" data-block-type=\"core\">\n<h2 class=\"wp-block-heading has-white-color has-text-color\" data-block-type=\"core\">La vida inteligente bajo su control<\/h2>\n\n\n\n<p class=\"has-white-color has-text-color\">Nuestras soluciones dom\u00e9sticas inteligentes le facilitan la vida: la intercomunicaci\u00f3n autom\u00e1tica entre dispositivos simplifica sus rutinas diarias; no tiene que mover un dedo y siempre tiene el control, est\u00e9 donde est\u00e9.<\/p>\n<\/div>\n\n\n\n<div class=\"wp-block-column is-vertically-aligned-center is-layout-flow wp-block-column-is-layout-flow\" style=\"flex-basis:30%\" data-block-type=\"core\">\n<div class=\"wp-block-buttons is-horizontal is-content-justification-right is-layout-flex wp-container-core-buttons-is-layout-30af2ff6 wp-block-buttons-is-layout-flex\" data-block-type=\"core\">\n<div class=\"wp-block-button\" data-block-type=\"core\"><a class=\"wp-block-button__link wp-element-button\" href=\"http:\/\/19648844.hs-sites.com\/get-a-free-quote\" rel=\"noopener\">OBTENGA UN PRESUPUESTO GRATUITO<\/a><\/div>\n<\/div>\n<\/div>\n<\/div>\n<\/div><\/div>\n\n\n\n<div style=\"height:14px\" aria-hidden=\"true\" class=\"wp-block-spacer\" data-block-type=\"core\"><\/div>\n\n\n\n<div class=\"inherit-container-width wp-block-group alignfull has-ast-global-color-5-background-color has-background is-layout-constrained wp-block-group-is-layout-constrained\" id=\"bookings\" data-block-type=\"core\"><div class=\"wp-block-group__inner-container\">\n<div class=\"wp-block-columns alignwide are-vertically-aligned-center is-layout-flex wp-container-core-columns-is-layout-28f84493 wp-block-columns-is-layout-flex\" data-block-type=\"core\">\n<div class=\"wp-block-column is-vertically-aligned-center is-layout-flow wp-block-column-is-layout-flow\" data-block-type=\"core\">\n<div class=\"inherit-container-width wp-block-group has-ast-global-color-3-background-color has-background is-layout-constrained wp-block-group-is-layout-constrained\" data-block-type=\"core\"><div class=\"wp-block-group__inner-container\">\n<h2 class=\"wp-block-heading has-text-color\" style=\"color:#ffffff\" data-block-type=\"core\">Ask Your Queries<\/h2>\n\n\n\n<div class=\"wp-block-leadin-hubspot-form-block\">\n\t\t\t\t\t\t<script>\n\t\t\t\t\t\t\twindow.hsFormsOnReady = window.hsFormsOnReady || [];\n\t\t\t\t\t\t\twindow.hsFormsOnReady.push(()=>{\n\t\t\t\t\t\t\t\thbspt.forms.create({\n\t\t\t\t\t\t\t\t\tportalId: 19648844,\n\t\t\t\t\t\t\t\t\tformId: \"767d9f0a-f5d6-4299-aabd-3b5c7fecf5e3\",\n\t\t\t\t\t\t\t\t\ttarget: \"#hbspt-form-1776941058000-3423113776\",\n\t\t\t\t\t\t\t\t\tregion: \"\",\n\t\t\t\t\t\t\t\t\t\n\t\t\t\t\t\t\t})});\n\t\t\t\t\t\t<\/script>\n\t\t\t\t\t\t<div class=\"hbspt-form\" id=\"hbspt-form-1776941058000-3423113776\"><\/div><\/div>\n<\/div><\/div>\n<\/div>\n\n\n\n<div class=\"wp-block-column is-vertically-aligned-center is-layout-flow wp-block-column-is-layout-flow\" data-block-type=\"core\">\n<h3 class=\"wp-block-heading has-text-align-center\" data-block-type=\"core\">OBTENGA TRANQUILIDAD HOY MISMO<\/h3>\n\n\n\n<hr class=\"wp-block-separator has-text-color has-ast-global-color-0-color has-css-opacity has-ast-global-color-0-background-color has-background aligncenter\">\n\n\n\n<p class=\"has-text-align-center\">Escr\u00edbenos. O s\u00e1ltate el formulario y ll\u00e1manos ahora.<\/p>\n\n\n\n<div class=\"wp-block-buttons is-horizontal is-content-justification-center is-layout-flex wp-container-core-buttons-is-layout-03627597 wp-block-buttons-is-layout-flex\" data-block-type=\"core\">\n<div class=\"wp-block-button\" data-block-type=\"core\"><a class=\"wp-block-button__link wp-element-button\" href=\"tel:18778058528\">877.805.8528<\/a><\/div>\n<\/div>\n<\/div>\n<\/div>\n<\/div><\/div>","protected":false},"excerpt":{"rendered":"<p>Managing home has never been easier Customize your system Tailor your perfect smart home system A home automation system where everything&#8217;s connected BrightEra provides solar smart home solutions to offer our customers control over appliances and the home environment, bringing convenience to life, as well as security and energy-saving. All the appliances are controlled at [&hellip;]<\/p>\n","protected":false},"author":1,"featured_media":0,"parent":0,"menu_order":0,"comment_status":"closed","ping_status":"closed","template":"","meta":{"_coblocks_attr":"","_coblocks_dimensions":"","_coblocks_responsive_height":"","_coblocks_accordion_ie_support":"","content-type":"","om_disable_all_campaigns":false,"_uag_custom_page_level_css":"","_monsterinsights_skip_tracking":false,"_monsterinsights_sitenote_active":false,"_monsterinsights_sitenote_note":"","_monsterinsights_sitenote_category":0,"_uf_show_specific_survey":0,"_uf_disable_surveys":false,"site-sidebar-layout":"default","site-content-layout":"plain-container","ast-site-content-layout":"normal-width-container","site-content-style":"unboxed","site-sidebar-style":"unboxed","ast-global-header-display":"","ast-banner-title-visibility":"","ast-main-header-display":"","ast-hfb-above-header-display":"","ast-hfb-below-header-display":"","ast-hfb-mobile-header-display":"","site-post-title":"disabled","ast-breadcrumbs-content":"","ast-featured-img":"","footer-sml-layout":"","theme-transparent-header-meta":"enabled","adv-header-id-meta":"","stick-header-meta":"","header-above-stick-meta":"","header-main-stick-meta":"","header-below-stick-meta":"","astra-migrate-meta-layouts":"set","ast-page-background-enabled":"default","ast-page-background-meta":{"desktop":{"background-color":"","background-image":"","background-repeat":"repeat","background-position":"center center","background-size":"auto","background-attachment":"scroll","background-type":"","background-media":"","overlay-type":"","overlay-color":"","overlay-opacity":"","overlay-gradient":""},"tablet":{"background-color":"","background-image":"","background-repeat":"repeat","background-position":"center center","background-size":"auto","background-attachment":"scroll","background-type":"","background-media":"","overlay-type":"","overlay-color":"","overlay-opacity":"","overlay-gradient":""},"mobile":{"background-color":"","background-image":"","background-repeat":"repeat","background-position":"center center","background-size":"auto","background-attachment":"scroll","background-type":"","background-media":"","overlay-type":"","overlay-color":"","overlay-opacity":"","overlay-gradient":""}},"ast-content-background-meta":{"desktop":{"background-color":"var(--ast-global-color-5)","background-image":"","background-repeat":"repeat","background-position":"center center","background-size":"auto","background-attachment":"scroll","background-type":"","background-media":"","overlay-type":"","overlay-color":"","overlay-opacity":"","overlay-gradient":""},"tablet":{"background-color":"var(--ast-global-color-5)","background-image":"","background-repeat":"repeat","background-position":"center center","background-size":"auto","background-attachment":"scroll","background-type":"","background-media":"","overlay-type":"","overlay-color":"","overlay-opacity":"","overlay-gradient":""},"mobile":{"background-color":"var(--ast-global-color-5)","background-image":"","background-repeat":"repeat","background-position":"center center","background-size":"auto","background-attachment":"scroll","background-type":"","background-media":"","overlay-type":"","overlay-color":"","overlay-opacity":"","overlay-gradient":""}},"footnotes":""},"class_list":["post-2571","page","type-page","status-publish","hentry"],"featured_image_urls_v2":{"full":"","thumbnail":"","medium":"","medium_large":"","large":"","1536x1536":"","2048x2048":"","trp-custom-language-flag":""},"post_excerpt_stackable_v2":"<p>Brightera Smart Home Make Your Home Smart. Enhance Your Lifestyle. Get a free quote Managing home has never been easier Customize your system Tailor your perfect smart home system A home automation system where everything&#8217;s connected BrightEra provides solar smart home solutions to offer our customers control over appliances and the home environment, bringing convenience to life, as well as security and energy-saving. All the appliances are controlled at the touch of a button. Start building&nbsp;your smart home system now Everything works together Doorbell Camera Indoor Camera Outdoor Camera Smart Thermostat App Smart Home Control Smart Life in Your Control&hellip;<\/p>\n","category_list_v2":"","author_info_v2":{"name":"LuciaLizcano","url":"https:\/\/brighterainc.com\/es\/author\/lucializcano\/"},"comments_num_v2":"0 comentarios","uagb_featured_image_src":{"full":false,"thumbnail":false,"medium":false,"medium_large":false,"large":false,"1536x1536":false,"2048x2048":false,"trp-custom-language-flag":false},"uagb_author_info":{"display_name":"LuciaLizcano","author_link":"https:\/\/brighterainc.com\/es\/author\/lucializcano\/"},"uagb_comment_info":0,"uagb_excerpt":"Managing home has never been easier Customize your system Tailor your perfect smart home system A home automation system where everything&#8217;s connected BrightEra provides solar smart home solutions to offer our customers control over appliances and the home environment, bringing convenience to life, as well as security and energy-saving. All the appliances are controlled at&hellip;","_links":{"self":[{"href":"https:\/\/brighterainc.com\/es\/wp-json\/wp\/v2\/pages\/2571","targetHints":{"allow":["GET"]}}],"collection":[{"href":"https:\/\/brighterainc.com\/es\/wp-json\/wp\/v2\/pages"}],"about":[{"href":"https:\/\/brighterainc.com\/es\/wp-json\/wp\/v2\/types\/page"}],"author":[{"embeddable":true,"href":"https:\/\/brighterainc.com\/es\/wp-json\/wp\/v2\/users\/1"}],"replies":[{"embeddable":true,"href":"https:\/\/brighterainc.com\/es\/wp-json\/wp\/v2\/comments?post=2571"}],"version-history":[{"count":0,"href":"https:\/\/brighterainc.com\/es\/wp-json\/wp\/v2\/pages\/2571\/revisions"}],"wp:attachment":[{"href":"https:\/\/brighterainc.com\/es\/wp-json\/wp\/v2\/media?parent=2571"}],"curies":[{"name":"wp","href":"https:\/\/api.w.org\/{rel}","templated":true}]}}